{"id":1872,"date":"2017-07-18T17:49:58","date_gmt":"2017-07-18T17:49:58","guid":{"rendered":"http:\/\/www.charlottegoldspink.com\/?page_id=1872"},"modified":"2017-07-22T16:26:02","modified_gmt":"2017-07-22T16:26:02","slug":"random-thoughts-2","status":"publish","type":"page","link":"https:\/\/www.charlottegoldspink.com\/index.php\/random-thoughts-2\/","title":{"rendered":"Random Thoughts"},"content":{"rendered":"<table style=\"height: 498px;\" width=\"840\">\n<tbody>\n<tr>\n<td width=\"361\"><strong>Cascade<\/strong><br \/>\n20 ans de peinture \u00e0 l\u2019huile<br \/>\nPeindre pour vivre<br \/>\n<strong>Pens\u00e9es Al\u00e9atoires<br \/>\n<\/strong>Un r\u00e9cit \u00e9crit et dessin\u00e9 de ma vie de tous les jours. Retrouver l\u2019extrarodinaire dans l\u2019ordinaire. L\u2019instant qui touche le c\u0153ur et les tripes, qui donne l\u2019inspiration n\u00e9cessaire \u00e0 la cr\u00e9ativit\u00e9.<br \/>\nDe reprendre l\u00e0 o\u00f9 j\u2019ai arr\u00eat\u00e9 enfant.<br \/>\nLa beaut\u00e9 banale du quotidien<\/p>\n<p><strong>Overflow<\/strong><br \/>\n20 years of oil painting<br \/>\nPainting to live<br \/>\n<strong>Random Thoughts<br \/>\n<\/strong>A written and drawn recording of my day to day. Retrieving the extraordinary from the ordinary. The moment that hits the heart and the gut and gives one that inspirational high, necessary to creativity.<br \/>\nPicking up where I left off as a child.<br \/>\nThe beautiful banality of everyday.<\/td>\n<\/tr>\n<\/tbody>\n<\/table>\n<p>Sunday 16th July 2017<br \/>\nLavender<br \/>\nLavender with their frail blue buds. Inside cotton liberty sachets, in my underwear drawer. A smell bought back from a place I hadn\u2019t yet been to. Warmer. Exotic even. Places you dream of when you are small have infinite appearances and potential.<br \/>\nLike hell can they be exotic.<\/p>\nngg_shortcode_0_placeholder\n","protected":false},"excerpt":{"rendered":"<p>Cascade 20 ans de peinture \u00e0 l\u2019huile Peindre pour vivre Pens\u00e9es Al\u00e9atoires Un r\u00e9cit \u00e9crit et dessin\u00e9 de ma vie de tous les jours. Retrouver l\u2019extrarodinaire dans l\u2019ordinaire. L\u2019instant qui touche le c\u0153ur et les tripes, qui donne l\u2019inspiration n\u00e9cessaire \u00e0 la cr\u00e9ativit\u00e9. De reprendre l\u00e0 o\u00f9 j\u2019ai arr\u00eat\u00e9 enfant. La beaut\u00e9 banale du quotidien &hellip; <a href=\"https:\/\/www.charlottegoldspink.com\/index.php\/random-thoughts-2\/\" class=\"more-link\">Continue reading<span class=\"screen-reader-text\"> &#8220;Random Thoughts&#8221;<\/span><\/a><\/p>\n","protected":false},"author":1,"featured_media":0,"parent":0,"menu_order":0,"comment_status":"closed","ping_status":"closed","template":"","meta":{"ngg_post_thumbnail":0,"footnotes":""},"class_list":["post-1872","page","type-page","status-publish","hentry"],"_links":{"self":[{"href":"https:\/\/www.charlottegoldspink.com\/index.php\/wp-json\/wp\/v2\/pages\/1872","targetHints":{"allow":["GET"]}}],"collection":[{"href":"https:\/\/www.charlottegoldspink.com\/index.php\/wp-json\/wp\/v2\/pages"}],"about":[{"href":"https:\/\/www.charlottegoldspink.com\/index.php\/wp-json\/wp\/v2\/types\/page"}],"author":[{"embeddable":true,"href":"https:\/\/www.charlottegoldspink.com\/index.php\/wp-json\/wp\/v2\/users\/1"}],"replies":[{"embeddable":true,"href":"https:\/\/www.charlottegoldspink.com\/index.php\/wp-json\/wp\/v2\/comments?post=1872"}],"version-history":[{"count":0,"href":"https:\/\/www.charlottegoldspink.com\/index.php\/wp-json\/wp\/v2\/pages\/1872\/revisions"}],"wp:attachment":[{"href":"https:\/\/www.charlottegoldspink.com\/index.php\/wp-json\/wp\/v2\/media?parent=1872"}],"curies":[{"name":"wp","href":"https:\/\/api.w.org\/{rel}","templated":true}]}}